{"id":2,"date":"2012-01-04T09:04:08","date_gmt":"2012-01-04T09:04:08","guid":{"rendered":"http:\/\/www.landbecker.com\/?page_id=2"},"modified":"2013-03-04T21:18:55","modified_gmt":"2013-03-04T20:18:55","slug":"sample-page","status":"publish","type":"page","link":"http:\/\/www.landbecker.com\/?page_id=2","title":{"rendered":"CV"},"content":{"rendered":"<p style=\"text-align: left;\"><a href=\"http:\/\/www.imdb.com\/name\/nm3504908\/\" target=\"_blank\">IMDB &#8211; Gustav Landbecker<br \/>\n<\/a><a title=\"SoundCloud - Gustav Landbecker\" href=\"http:\/\/soundcloud.com\/landbecker\" target=\"_blank\">SoundCloud &#8211; Gustav Landbecker<br \/>\n<\/a><\/p>\n<p>Gustav Landbecker<\/p>\n<p style=\"text-align: justify;\">Mitt intresse f\u00f6r ljud b\u00f6rjade vid nio \u00e5rs \u00e5lder d\u00e5 jag b\u00f6rjade sjunga i en gossk\u00f6r. Senare b\u00f6rjade jag spela trummor och blev intresserad av att spela in musik. Jag kommer ih\u00e5g att jag experimenterade med en gammal kassettbandspelare och freestyle-h\u00f6rlurar som mikrofoner. Allt eftersom jag blev \u00e4ldre bytte jag ut h\u00f6rlurarna mot riktiga mikrofoner och spelade in ett antal demos med egna band i studio. Jag har medverkat som trummis i flertalet band.<\/p>\n<p style=\"text-align: justify;\">Mina \u00e5r som ljudtekniker p\u00e5 Sveriges Television har varit den b\u00e4sta skolan att l\u00e4ra och f\u00f6rst\u00e5 ljudteknik. \u00c5r 2006 best\u00e4mde jag mig f\u00f6r att studera ljuddesign p\u00e5 Blekinge Tekniska H\u00f6gskola. Med de f\u00f6rkunskaper jag hade s\u00f6kte jag en st\u00f6rre utmaning vilket ledde till att jag under ett \u00e5r jobbade som audio director p\u00e5 Tarsier Studios. \u00c5r 2009 b\u00f6rjade jag praktisera p\u00e5 Europa Sound Production i Stockholm. Tv\u00e5 m\u00e5nader senare blev jag anst\u00e4lld och har sedan dess jobbat som ljudl\u00e4ggare f\u00f6r l\u00e5ngfilm och tv-serier.<\/p>\n<p>\u00a0Arbete<\/p>\n<p>2009 \u2013 Nu<\/p>\n<p>Ljuddesigner p\u00e5 Europa Sound &amp; Vision.<\/p>\n<ul>\n<li>Sound supervisor<\/li>\n<li>Re recording mixer<\/li>\n<li>Urval av arbete: Svinal\u00e4ngorna, Morden i Sandhamn &#8221;Den innersta kretsen&#8221;, Bron, Himlen \u00e4r oskyldigt bl\u00e5, <strong> <\/strong>The Coral Eden av Mattias Klum<\/li>\n<\/ul>\n<p>2008 \u2013 2009<\/p>\n<p>Audio director f\u00f6r PSN-titeln \u201cRag Doll Kung Fu: Fists of plastic\u201d utvecklat p\u00e5 Tarsier Studios.<strong><\/strong><\/p>\n<ul>\n<li>Ljuddesign<\/li>\n<li>Implementering med SCREAM (middleware)<\/li>\n<li>Musik och r\u00f6st -koordination<\/li>\n<li>Skapande av ljudeffektslistor och andra dokument r\u00f6rande ljuddesignen<\/li>\n<\/ul>\n<p><strong>\u00a0<\/strong>2004 \u2013 2007<\/p>\n<p>Anst\u00e4lld som scentekniker p\u00e5 Norrk\u00f6pings symfoniorkester.<\/p>\n<ul>\n<li>Ljud och ljus -ansvar<\/li>\n<\/ul>\n<p>2002 \u2013 2007<\/p>\n<p>Frilansande ljudtekniker \u00e5t Sveriges Television<\/p>\n<ul>\n<li>Live, studio, outside \u2013broadcasting<\/li>\n<li>Tr\u00e5dl\u00f6sa system samt ljudupptagning med bom.<\/li>\n<\/ul>\n<p>Utbildning<\/p>\n<p>2006 \u2013 2009<\/p>\n<p>Blekinge Tekniska H\u00f6gskola, Karlshamn.<br \/>\nDigital ljudproduktion<\/p>\n<p>2000 \u2013 2001<\/p>\n<p>School of Audio Engineering (SAE), Stockholm.<br \/>\nAudio Engineer Diploma.<\/p>\n","protected":false},"excerpt":{"rendered":"<p>IMDB &#8211; Gustav Landbecker SoundCloud &#8211; Gustav Landbecker Gustav Landbecker Mitt intresse f\u00f6r ljud b\u00f6rjade vid nio \u00e5rs \u00e5lder d\u00e5 jag b\u00f6rjade sjunga i en gossk\u00f6r. Senare b\u00f6rjade jag spela trummor och blev intresserad av att spela in musik. Jag &hellip; <a href=\"http:\/\/www.landbecker.com\/?page_id=2\">L\u00e4s mer <span class=\"meta-nav\">&rarr;<\/span><\/a><\/p>\n","protected":false},"author":1,"featured_media":0,"parent":0,"menu_order":3,"comment_status":"open","ping_status":"open","template":"","meta":[],"_links":{"self":[{"href":"http:\/\/www.landbecker.com\/index.php?rest_route=\/wp\/v2\/pages\/2"}],"collection":[{"href":"http:\/\/www.landbecker.com\/index.php?rest_route=\/wp\/v2\/pages"}],"about":[{"href":"http:\/\/www.landbecker.com\/index.php?rest_route=\/wp\/v2\/types\/page"}],"author":[{"embeddable":true,"href":"http:\/\/www.landbecker.com\/index.php?rest_route=\/wp\/v2\/users\/1"}],"replies":[{"embeddable":true,"href":"http:\/\/www.landbecker.com\/index.php?rest_route=%2Fwp%2Fv2%2Fcomments&post=2"}],"version-history":[{"count":23,"href":"http:\/\/www.landbecker.com\/index.php?rest_route=\/wp\/v2\/pages\/2\/revisions"}],"predecessor-version":[{"id":8,"href":"http:\/\/www.landbecker.com\/index.php?rest_route=\/wp\/v2\/pages\/2\/revisions\/8"}],"wp:attachment":[{"href":"http:\/\/www.landbecker.com\/index.php?rest_route=%2Fwp%2Fv2%2Fmedia&parent=2"}],"curies":[{"name":"wp","href":"https:\/\/api.w.org\/{rel}","templated":true}]}}